{"id":245,"date":"2017-12-14T01:24:22","date_gmt":"2017-12-14T00:24:22","guid":{"rendered":"http:\/\/dev.przyladek.org.pl\/?page_id=245"},"modified":"2024-02-22T13:27:33","modified_gmt":"2024-02-22T12:27:33","slug":"fundacja-lepszy-start","status":"publish","type":"page","link":"https:\/\/przyladek.org.pl\/index.php\/fundacja-lepszy-start\/","title":{"rendered":"Fundacja Lepszy Start"},"content":{"rendered":"<div class=\"wpb-content-wrapper\"><p>[vc_row][vc_column][vc_column_text]<\/p>\n<h5><strong>Dzieci to nasz jedyny prawdziwy skarb.<\/strong><\/h5>\n<p>Jako rodzice robimy wszystko, aby zapewni\u0107 im jak najwi\u0119cej rado\u015bci, szcz\u0119\u015bcia, chcemy te\u017c jak najlepiej przygotowa\u0107 je do doros\u0142ego \u017cycia.<\/p>\n<p>Jednak czasami pojawiaj\u0105 si\u0119 w ich \u017cyciu r\u00f3\u017cne bariery i ograniczenia: zdrowie, sytuacja rodzinna lub inne okoliczno\u015bci, kt\u00f3re sprawiaj\u0105, \u017ce nie wszystkie dzieci mog\u0105 rozwija\u0107 si\u0119 w podobny spos\u00f3b. Chcemy takim dzieciom pomaga\u0107 i st\u0105d nasza Fundacja \u201eLepszy Start\u201d .[\/vc_column_text][vc_btn title=&#8221;Zobacz co robimy?&#8221; color=&#8221;sky&#8221; size=&#8221;lg&#8221; i_icon_fontawesome=&#8221;fa fa-arrow-right&#8221; css_animation=&#8221;bounceInLeft&#8221; add_icon=&#8221;true&#8221; link=&#8221;url:http%3A%2F%2Fprzyladek.org.pl%2Findex.php%2Ffundacja-lepszy-start%2Fzadania-fundacji%2F||target:%20_blank|&#8221;][\/vc_column][\/vc_row][vc_row][vc_column][vc_hoverbox image=&#8221;238&#8243; primary_title=&#8221;Wi\u0119cej o naszej Fundacji&#8221; hover_title=&#8221;&#8221; css_animation=&#8221;bounceIn&#8221;]<\/p>\n<p style=\"text-align: left;\"><strong>Fundacja \u201eLepszy Start\u201d<\/strong> powo\u0142ana zosta\u0142a przez rodzic\u00f3w. Jej celem jest prowadzenie wszechstronnej dzia\u0142alno\u015bci w zakresie rozwoju dzieci, ochrony zdrowia oraz ratowania \u017cycia dzieci, w tym wspierania i prowadzenia inicjatyw o charakterze zdrowotnym, edukacyjnym oraz charytatywnym. Jedn\u0105 z kluczowych naszych inicjatyw jest pomoc dzieciom z zaburzeniami ze spektrum autyzmu.<\/p>\n<p style=\"text-align: left;\"><strong>Niwelowaniu barier i ogranicze\u0144 s\u0142u\u017cy dobra edukacja.<\/strong> Na przyk\u0142ad taka, jak\u0105 dzieci mog\u0105 otrzyma\u0107 w Niepublicznej Szkole Podstawowej Przyl\u0105dek z Pruszkowa, na rzecz kt\u00f3rej przede wszystkim dzia\u0142a Fundacja \u201eLepszy Start\u201d. Dzia\u0142alno\u015b\u0107 tej plac\u00f3wki podlega stosownym regulacjom: szko\u0142a \u201ePrzyl\u0105dek\u201d dzia\u0142a na podstawie: ustawy z dnia 7 wrze\u015bnia 1991 r. o systemie o\u015bwiaty (Dz.U. Nr 95 poz. 425 z p\u00f3\u017a\u0144. Zm.) oraz na podstawie istniej\u0105cych do niej rozporz\u0105dze\u0144 wykonawczych. Ponadto, merytoryczny nadz\u00f3r nad realizowanym w szkole programem dydaktycznym i wychowawczym sprawuje Kuratorium O\u015bwiaty w Warszawie.<\/p>\n<p>[\/vc_hoverbox][\/vc_column][\/vc_row][vc_row][vc_column][vc_text_separator title=&#8221;W\u0142adze Fundacji&#8221; title_align=&#8221;separator_align_left&#8221; style=&#8221;double&#8221; border_width=&#8221;2&#8243; css_animation=&#8221;bounceIn&#8221;][vc_column_text]<strong>Prezes Zarz\u0105du Fundacji:<\/strong> \u0141ukasz \u0141a\u0144<br \/>\n<strong>Rada Fundacji:\u00a0<\/strong>Irena Cie\u015blak, Tomasz Chudzikowski<\/p>\n<p>KRS: 0000317555<\/p>\n<p>Fundacja \u201eLepszy Start\u201d znajduje si\u0119 w wykazie Organizacji Po\u017cytku Publicznego, prowadzonym przez Ministerstwo Pracy i Polityki Spo\u0142ecznej[\/vc_column_text][vc_text_separator title=&#8221;Konto Fundacji&#8221; title_align=&#8221;separator_align_left&#8221; style=&#8221;double&#8221; border_width=&#8221;2&#8243; css_animation=&#8221;bounceIn&#8221;][\/vc_column][\/vc_row][vc_row][vc_column][vc_column_text]93 1090 2398 0000 0001 1065 0076<br \/>\nMo\u017cesz go u\u017cy\u0107 np. rozliczaj\u0105c sw\u00f3j roczny PIT i przekazuj\u0105c 1% swojego podatku na konto Fundacji \u201eLepszy Start\u201d[\/vc_column_text][vc_text_separator title=&#8221;Dane teleadresowe&#8221; title_align=&#8221;separator_align_left&#8221; style=&#8221;double&#8221; border_width=&#8221;2&#8243; css_animation=&#8221;bounceIn&#8221;][vc_column_text]Fundacja \u201eLepszy Start\u201d<br \/>\nRado\u015bci 2, 05-808<br \/>\nParzniew, Polska<br \/>\ntel.: 505 042 888<br \/>\n<a href=\"mailto:fundacja@lepszystart.com\">fundacja@lepszystart.com<\/a>,\u00a0<a href=\"mailto:biuro@lepszystart.com\">biuro@lepszystart.com<\/a><br \/>\nNIP: 899 265 90 24[\/vc_column_text][\/vc_column][\/vc_row]<\/p>\n<\/div>","protected":false},"excerpt":{"rendered":"<p>[vc_row][vc_column][vc_column_text] Dzieci to nasz jedyny prawdziwy skarb. Jako rodzice robimy wszystko, aby zapewni\u0107 im jak najwi\u0119cej rado\u015bci, szcz\u0119\u015bcia, chcemy te\u017c jak najlepiej przygotowa\u0107 je do doros\u0142ego<span class=\"excerpt-hellip\"> [\u2026]<\/span><\/p>\n","protected":false},"author":7,"featured_media":360,"parent":0,"menu_order":0,"comment_status":"closed","ping_status":"closed","template":"","meta":{"footnotes":""},"class_list":["post-245","page","type-page","status-publish","has-post-thumbnail","hentry"],"yoast_head":"<!-- This site is optimized with the Yoast SEO plugin v26.1.1 - https:\/\/yoast.com\/wordpress\/plugins\/seo\/ -->\n<title>Fundacja Lepszy Start - Przyl\u0105dek<\/title>\n<meta name=\"robots\" content=\"index, follow, max-snippet:-1, max-image-preview:large, max-video-preview:-1\" \/>\n<link rel=\"canonical\" href=\"https:\/\/przyladek.org.pl\/index.php\/fundacja-lepszy-start\/\" \/>\n<meta property=\"og:locale\" content=\"pl_PL\" \/>\n<meta property=\"og:type\" content=\"article\" \/>\n<meta property=\"og:title\" content=\"Fundacja Lepszy Start - Przyl\u0105dek\" \/>\n<meta property=\"og:description\" content=\"[vc_row][vc_column][vc_column_text] Dzieci to nasz jedyny prawdziwy skarb. Jako rodzice robimy wszystko, aby zapewni\u0107 im jak najwi\u0119cej rado\u015bci, szcz\u0119\u015bcia, chcemy te\u017c jak najlepiej przygotowa\u0107 je do doros\u0142ego [\u2026]\" \/>\n<meta property=\"og:url\" content=\"https:\/\/przyladek.org.pl\/index.php\/fundacja-lepszy-start\/\" \/>\n<meta property=\"og:site_name\" content=\"Przyl\u0105dek\" \/>\n<meta property=\"article:modified_time\" content=\"2024-02-22T12:27:33+00:00\" \/>\n<meta property=\"og:image\" content=\"https:\/\/przyladek.org.pl\/wp-content\/uploads\/2018\/03\/Header-za\u0142o\u017cyciele-2.png\" \/>\n\t<meta property=\"og:image:width\" content=\"1920\" \/>\n\t<meta property=\"og:image:height\" content=\"520\" \/>\n\t<meta property=\"og:image:type\" content=\"image\/png\" \/>\n<meta name=\"twitter:card\" content=\"summary_large_image\" \/>\n<meta name=\"twitter:label1\" content=\"Szacowany czas czytania\" \/>\n\t<meta name=\"twitter:data1\" content=\"2 minuty\" \/>\n<script type=\"application\/ld+json\" class=\"yoast-schema-graph\">{\"@context\":\"https:\/\/schema.org\",\"@graph\":[{\"@type\":\"WebPage\",\"@id\":\"https:\/\/przyladek.org.pl\/index.php\/fundacja-lepszy-start\/\",\"url\":\"https:\/\/przyladek.org.pl\/index.php\/fundacja-lepszy-start\/\",\"name\":\"Fundacja Lepszy Start - Przyl\u0105dek\",\"isPartOf\":{\"@id\":\"https:\/\/przyladek.org.pl\/#website\"},\"primaryImageOfPage\":{\"@id\":\"https:\/\/przyladek.org.pl\/index.php\/fundacja-lepszy-start\/#primaryimage\"},\"image\":{\"@id\":\"https:\/\/przyladek.org.pl\/index.php\/fundacja-lepszy-start\/#primaryimage\"},\"thumbnailUrl\":\"https:\/\/przyladek.org.pl\/wp-content\/uploads\/2018\/03\/Header-za\u0142o\u017cyciele-2.png\",\"datePublished\":\"2017-12-14T00:24:22+00:00\",\"dateModified\":\"2024-02-22T12:27:33+00:00\",\"breadcrumb\":{\"@id\":\"https:\/\/przyladek.org.pl\/index.php\/fundacja-lepszy-start\/#breadcrumb\"},\"inLanguage\":\"pl-PL\",\"potentialAction\":[{\"@type\":\"ReadAction\",\"target\":[\"https:\/\/przyladek.org.pl\/index.php\/fundacja-lepszy-start\/\"]}]},{\"@type\":\"ImageObject\",\"inLanguage\":\"pl-PL\",\"@id\":\"https:\/\/przyladek.org.pl\/index.php\/fundacja-lepszy-start\/#primaryimage\",\"url\":\"https:\/\/przyladek.org.pl\/wp-content\/uploads\/2018\/03\/Header-za\u0142o\u017cyciele-2.png\",\"contentUrl\":\"https:\/\/przyladek.org.pl\/wp-content\/uploads\/2018\/03\/Header-za\u0142o\u017cyciele-2.png\",\"width\":1920,\"height\":520},{\"@type\":\"BreadcrumbList\",\"@id\":\"https:\/\/przyladek.org.pl\/index.php\/fundacja-lepszy-start\/#breadcrumb\",\"itemListElement\":[{\"@type\":\"ListItem\",\"position\":1,\"name\":\"Strona g\u0142\u00f3wna\",\"item\":\"https:\/\/przyladek.org.pl\/\"},{\"@type\":\"ListItem\",\"position\":2,\"name\":\"Fundacja Lepszy Start\"}]},{\"@type\":\"WebSite\",\"@id\":\"https:\/\/przyladek.org.pl\/#website\",\"url\":\"https:\/\/przyladek.org.pl\/\",\"name\":\"Przyl\u0105dek\",\"description\":\"\",\"potentialAction\":[{\"@type\":\"SearchAction\",\"target\":{\"@type\":\"EntryPoint\",\"urlTemplate\":\"https:\/\/przyladek.org.pl\/?s={search_term_string}\"},\"query-input\":{\"@type\":\"PropertyValueSpecification\",\"valueRequired\":true,\"valueName\":\"search_term_string\"}}],\"inLanguage\":\"pl-PL\"}]}<\/script>\n<!-- \/ Yoast SEO plugin. -->","yoast_head_json":{"title":"Fundacja Lepszy Start - Przyl\u0105dek","robots":{"index":"index","follow":"follow","max-snippet":"max-snippet:-1","max-image-preview":"max-image-preview:large","max-video-preview":"max-video-preview:-1"},"canonical":"https:\/\/przyladek.org.pl\/index.php\/fundacja-lepszy-start\/","og_locale":"pl_PL","og_type":"article","og_title":"Fundacja Lepszy Start - Przyl\u0105dek","og_description":"[vc_row][vc_column][vc_column_text] Dzieci to nasz jedyny prawdziwy skarb. Jako rodzice robimy wszystko, aby zapewni\u0107 im jak najwi\u0119cej rado\u015bci, szcz\u0119\u015bcia, chcemy te\u017c jak najlepiej przygotowa\u0107 je do doros\u0142ego [\u2026]","og_url":"https:\/\/przyladek.org.pl\/index.php\/fundacja-lepszy-start\/","og_site_name":"Przyl\u0105dek","article_modified_time":"2024-02-22T12:27:33+00:00","og_image":[{"width":1920,"height":520,"url":"https:\/\/przyladek.org.pl\/wp-content\/uploads\/2018\/03\/Header-za\u0142o\u017cyciele-2.png","type":"image\/png"}],"twitter_card":"summary_large_image","twitter_misc":{"Szacowany czas czytania":"2 minuty"},"schema":{"@context":"https:\/\/schema.org","@graph":[{"@type":"WebPage","@id":"https:\/\/przyladek.org.pl\/index.php\/fundacja-lepszy-start\/","url":"https:\/\/przyladek.org.pl\/index.php\/fundacja-lepszy-start\/","name":"Fundacja Lepszy Start - Przyl\u0105dek","isPartOf":{"@id":"https:\/\/przyladek.org.pl\/#website"},"primaryImageOfPage":{"@id":"https:\/\/przyladek.org.pl\/index.php\/fundacja-lepszy-start\/#primaryimage"},"image":{"@id":"https:\/\/przyladek.org.pl\/index.php\/fundacja-lepszy-start\/#primaryimage"},"thumbnailUrl":"https:\/\/przyladek.org.pl\/wp-content\/uploads\/2018\/03\/Header-za\u0142o\u017cyciele-2.png","datePublished":"2017-12-14T00:24:22+00:00","dateModified":"2024-02-22T12:27:33+00:00","breadcrumb":{"@id":"https:\/\/przyladek.org.pl\/index.php\/fundacja-lepszy-start\/#breadcrumb"},"inLanguage":"pl-PL","potentialAction":[{"@type":"ReadAction","target":["https:\/\/przyladek.org.pl\/index.php\/fundacja-lepszy-start\/"]}]},{"@type":"ImageObject","inLanguage":"pl-PL","@id":"https:\/\/przyladek.org.pl\/index.php\/fundacja-lepszy-start\/#primaryimage","url":"https:\/\/przyladek.org.pl\/wp-content\/uploads\/2018\/03\/Header-za\u0142o\u017cyciele-2.png","contentUrl":"https:\/\/przyladek.org.pl\/wp-content\/uploads\/2018\/03\/Header-za\u0142o\u017cyciele-2.png","width":1920,"height":520},{"@type":"BreadcrumbList","@id":"https:\/\/przyladek.org.pl\/index.php\/fundacja-lepszy-start\/#breadcrumb","itemListElement":[{"@type":"ListItem","position":1,"name":"Strona g\u0142\u00f3wna","item":"https:\/\/przyladek.org.pl\/"},{"@type":"ListItem","position":2,"name":"Fundacja Lepszy Start"}]},{"@type":"WebSite","@id":"https:\/\/przyladek.org.pl\/#website","url":"https:\/\/przyladek.org.pl\/","name":"Przyl\u0105dek","description":"","potentialAction":[{"@type":"SearchAction","target":{"@type":"EntryPoint","urlTemplate":"https:\/\/przyladek.org.pl\/?s={search_term_string}"},"query-input":{"@type":"PropertyValueSpecification","valueRequired":true,"valueName":"search_term_string"}}],"inLanguage":"pl-PL"}]}},"_links":{"self":[{"href":"https:\/\/przyladek.org.pl\/index.php\/wp-json\/wp\/v2\/pages\/245","targetHints":{"allow":["GET"]}}],"collection":[{"href":"https:\/\/przyladek.org.pl\/index.php\/wp-json\/wp\/v2\/pages"}],"about":[{"href":"https:\/\/przyladek.org.pl\/index.php\/wp-json\/wp\/v2\/types\/page"}],"author":[{"embeddable":true,"href":"https:\/\/przyladek.org.pl\/index.php\/wp-json\/wp\/v2\/users\/7"}],"replies":[{"embeddable":true,"href":"https:\/\/przyladek.org.pl\/index.php\/wp-json\/wp\/v2\/comments?post=245"}],"version-history":[{"count":13,"href":"https:\/\/przyladek.org.pl\/index.php\/wp-json\/wp\/v2\/pages\/245\/revisions"}],"predecessor-version":[{"id":1304,"href":"https:\/\/przyladek.org.pl\/index.php\/wp-json\/wp\/v2\/pages\/245\/revisions\/1304"}],"wp:featuredmedia":[{"embeddable":true,"href":"https:\/\/przyladek.org.pl\/index.php\/wp-json\/wp\/v2\/media\/360"}],"wp:attachment":[{"href":"https:\/\/przyladek.org.pl\/index.php\/wp-json\/wp\/v2\/media?parent=245"}],"curies":[{"name":"wp","href":"https:\/\/api.w.org\/{rel}","templated":true}]}}