{"id":242,"date":"2017-12-14T01:23:39","date_gmt":"2017-12-14T00:23:39","guid":{"rendered":"http:\/\/dev.przyladek.org.pl\/?page_id=242"},"modified":"2025-07-24T10:16:56","modified_gmt":"2025-07-24T08:16:56","slug":"mozesz-nam-pomoc","status":"publish","type":"page","link":"https:\/\/przyladek.org.pl\/index.php\/mozesz-nam-pomoc\/","title":{"rendered":"Mo\u017cesz nam pom\u00f3c"},"content":{"rendered":"<p><strong><img loading=\"lazy\" decoding=\"async\" class=\"size-medium wp-image-356 alignright\" src=\"http:\/\/przyladek.org.pl\/wp-content\/uploads\/2018\/03\/7-300x200.jpg\" alt=\"\" width=\"300\" height=\"200\" \/>Szko\u0142\u0119 mo\u017cna wesprze\u0107:<\/strong><\/p>\n<p><strong>1) przekazuj\u0105\u0107 1,5 % dla Dzieci z \u201ePrzyl\u0105dka\u201d <a href=\"https:\/\/www.pitax.pl\/krs\/0000317555\/\" target=\"_blank\" rel=\"noopener\">szczeg\u00f3\u0142y na tej stronie &gt;<\/a><\/strong><\/p>\n<p><a href=\"https:\/\/www.pitax.pl\/rozlicz\/0000317555\/\"><br \/>\n<img decoding=\"async\" src=\"http:\/\/przyladek.org.pl\/wp-content\/uploads\/2018\/03\/Urozlicz-pit-online-new-button.png\" alt=\"Rozliczenie PIT z PITax.pl\" border=\"0\" \/><br \/>\n<\/a><br \/>\n<a href=\"https:\/\/www.pitax.pl\/pobierz\/0000317555\/\"><br \/>\n<img decoding=\"async\" src=\"http:\/\/przyladek.org.pl\/wp-content\/uploads\/2018\/03\/UPobierz-pit-button.png\" alt=\"Rozliczenie PIT z PITax.pl\" border=\"0\" \/><br \/>\n<\/a><\/p>\n<p><strong>2) przez darowizny na konto wspieraj\u0105cej nas Fundacji &#8222;Lepszy Start&#8221;<\/strong><\/p>\n<p>Rado\u015bci 2, 05-808<br \/>\nParzniew, Polska<br \/>\nnr konta: 93 1090 2398 0000 0001 1065 0076<br \/>\nKRS 0000317555<br \/>\ncel szczeg\u00f3\u0142owy: PRZYL\u0104DEK<\/p>\n<p><strong>3) uczestnicz\u0105c w aukcjach na portalu Charytatywni Allegro <\/strong>(<a href=\"https:\/\/allegro.pl\/charytatywni\/lepszy-start\/\" target=\"_blank\" rel=\"noopener\">https:\/\/allegro.pl\/charytatywni\/lepszy-start\/<\/a>) na rzecz Fundacji &#8222;Lepszy Start&#8221;,\u00a0kt\u00f3ra w celach aukcji ma tak\u017ce pomoc szkole Przyl\u0105dek.<\/p>\n<p>Ca\u0142y doch\u00f3d z tych aukcji trafi do Fundacji &#8222;Lepszy Start&#8221;, kt\u00f3ra zgromadzone \u015brodki przeznaczy na w\/w cele &#8222;Przyl\u0105dka&#8221;.<\/p>\n<p>Poza kupowaniem na w\/w aukcjach zach\u0119camy do wystawiania rzeczy na konkretne cele Przyl\u0105dka lub wysy\u0142anie na adres Szko\u0142y przedmiot\u00f3w, kt\u00f3re mo\u017cemy wystawia\u0107 na aukcjach.<\/p>\n<p><strong>4) Fundacja &#8222;Lepszy Start&#8221; zbieraj\u0105ca \u015brodki tak\u017ce dla Szko\u0142y, przyst\u0105pi\u0142a do serwisu Fundacji FaniMani.<\/strong><\/p>\n<p>Jest to pierwszy w Polsce serwis do wspierania organizacji spo\u0142ecznych podczas robienia zakup\u00f3w online.<\/p>\n<p>Wchodz\u0105c na link\u00a0<strong><a href=\"https:\/\/fanimani.pl\/zbieramy\/fundacja-lepszy-start\/\">https:\/\/fanimani.pl\/zbieramy\/fundacja-lepszy-start\/<\/a><\/strong>\u00a0mo\u017cecie wej\u015b\u0107 Pa\u0144stwo bezpo\u015brednio na stron\u0119 Fundacji &#8222;Lepszy Start&#8221; w serwisie.<\/p>\n","protected":false},"excerpt":{"rendered":"<p>Szko\u0142\u0119 mo\u017cna wesprze\u0107: 1) przekazuj\u0105\u0107 1,5 % dla Dzieci z \u201ePrzyl\u0105dka\u201d szczeg\u00f3\u0142y na tej stronie &gt; 2) przez darowizny na konto wspieraj\u0105cej nas Fundacji &#8222;Lepszy Start&#8221;<span class=\"excerpt-hellip\"> [\u2026]<\/span><\/p>\n","protected":false},"author":7,"featured_media":360,"parent":0,"menu_order":0,"comment_status":"closed","ping_status":"closed","template":"","meta":{"footnotes":""},"class_list":["post-242","page","type-page","status-publish","has-post-thumbnail","hentry"],"yoast_head":"<!-- This site is optimized with the Yoast SEO plugin v26.1.1 - https:\/\/yoast.com\/wordpress\/plugins\/seo\/ -->\n<title>Mo\u017cesz nam pom\u00f3c - Przyl\u0105dek<\/title>\n<meta name=\"robots\" content=\"index, follow, max-snippet:-1, max-image-preview:large, max-video-preview:-1\" \/>\n<link rel=\"canonical\" href=\"https:\/\/przyladek.org.pl\/index.php\/mozesz-nam-pomoc\/\" \/>\n<meta property=\"og:locale\" content=\"pl_PL\" \/>\n<meta property=\"og:type\" content=\"article\" \/>\n<meta property=\"og:title\" content=\"Mo\u017cesz nam pom\u00f3c - Przyl\u0105dek\" \/>\n<meta property=\"og:description\" content=\"Szko\u0142\u0119 mo\u017cna wesprze\u0107: 1) przekazuj\u0105\u0107 1,5 % dla Dzieci z \u201ePrzyl\u0105dka\u201d szczeg\u00f3\u0142y na tej stronie &gt; 2) przez darowizny na konto wspieraj\u0105cej nas Fundacji &#8222;Lepszy Start&#8221; [\u2026]\" \/>\n<meta property=\"og:url\" content=\"https:\/\/przyladek.org.pl\/index.php\/mozesz-nam-pomoc\/\" \/>\n<meta property=\"og:site_name\" content=\"Przyl\u0105dek\" \/>\n<meta property=\"article:modified_time\" content=\"2025-07-24T08:16:56+00:00\" \/>\n<meta property=\"og:image\" content=\"https:\/\/przyladek.org.pl\/wp-content\/uploads\/2018\/03\/Header-za\u0142o\u017cyciele-2.png\" \/>\n\t<meta property=\"og:image:width\" content=\"1920\" \/>\n\t<meta property=\"og:image:height\" content=\"520\" \/>\n\t<meta property=\"og:image:type\" content=\"image\/png\" \/>\n<meta name=\"twitter:card\" content=\"summary_large_image\" \/>\n<meta name=\"twitter:label1\" content=\"Szacowany czas czytania\" \/>\n\t<meta name=\"twitter:data1\" content=\"2 minuty\" \/>\n<script type=\"application\/ld+json\" class=\"yoast-schema-graph\">{\"@context\":\"https:\/\/schema.org\",\"@graph\":[{\"@type\":\"WebPage\",\"@id\":\"https:\/\/przyladek.org.pl\/index.php\/mozesz-nam-pomoc\/\",\"url\":\"https:\/\/przyladek.org.pl\/index.php\/mozesz-nam-pomoc\/\",\"name\":\"Mo\u017cesz nam pom\u00f3c - Przyl\u0105dek\",\"isPartOf\":{\"@id\":\"https:\/\/przyladek.org.pl\/#website\"},\"primaryImageOfPage\":{\"@id\":\"https:\/\/przyladek.org.pl\/index.php\/mozesz-nam-pomoc\/#primaryimage\"},\"image\":{\"@id\":\"https:\/\/przyladek.org.pl\/index.php\/mozesz-nam-pomoc\/#primaryimage\"},\"thumbnailUrl\":\"https:\/\/przyladek.org.pl\/wp-content\/uploads\/2018\/03\/Header-za\u0142o\u017cyciele-2.png\",\"datePublished\":\"2017-12-14T00:23:39+00:00\",\"dateModified\":\"2025-07-24T08:16:56+00:00\",\"breadcrumb\":{\"@id\":\"https:\/\/przyladek.org.pl\/index.php\/mozesz-nam-pomoc\/#breadcrumb\"},\"inLanguage\":\"pl-PL\",\"potentialAction\":[{\"@type\":\"ReadAction\",\"target\":[\"https:\/\/przyladek.org.pl\/index.php\/mozesz-nam-pomoc\/\"]}]},{\"@type\":\"ImageObject\",\"inLanguage\":\"pl-PL\",\"@id\":\"https:\/\/przyladek.org.pl\/index.php\/mozesz-nam-pomoc\/#primaryimage\",\"url\":\"https:\/\/przyladek.org.pl\/wp-content\/uploads\/2018\/03\/Header-za\u0142o\u017cyciele-2.png\",\"contentUrl\":\"https:\/\/przyladek.org.pl\/wp-content\/uploads\/2018\/03\/Header-za\u0142o\u017cyciele-2.png\",\"width\":1920,\"height\":520},{\"@type\":\"BreadcrumbList\",\"@id\":\"https:\/\/przyladek.org.pl\/index.php\/mozesz-nam-pomoc\/#breadcrumb\",\"itemListElement\":[{\"@type\":\"ListItem\",\"position\":1,\"name\":\"Strona g\u0142\u00f3wna\",\"item\":\"https:\/\/przyladek.org.pl\/\"},{\"@type\":\"ListItem\",\"position\":2,\"name\":\"Mo\u017cesz nam pom\u00f3c\"}]},{\"@type\":\"WebSite\",\"@id\":\"https:\/\/przyladek.org.pl\/#website\",\"url\":\"https:\/\/przyladek.org.pl\/\",\"name\":\"Przyl\u0105dek\",\"description\":\"\",\"potentialAction\":[{\"@type\":\"SearchAction\",\"target\":{\"@type\":\"EntryPoint\",\"urlTemplate\":\"https:\/\/przyladek.org.pl\/?s={search_term_string}\"},\"query-input\":{\"@type\":\"PropertyValueSpecification\",\"valueRequired\":true,\"valueName\":\"search_term_string\"}}],\"inLanguage\":\"pl-PL\"}]}<\/script>\n<!-- \/ Yoast SEO plugin. -->","yoast_head_json":{"title":"Mo\u017cesz nam pom\u00f3c - Przyl\u0105dek","robots":{"index":"index","follow":"follow","max-snippet":"max-snippet:-1","max-image-preview":"max-image-preview:large","max-video-preview":"max-video-preview:-1"},"canonical":"https:\/\/przyladek.org.pl\/index.php\/mozesz-nam-pomoc\/","og_locale":"pl_PL","og_type":"article","og_title":"Mo\u017cesz nam pom\u00f3c - Przyl\u0105dek","og_description":"Szko\u0142\u0119 mo\u017cna wesprze\u0107: 1) przekazuj\u0105\u0107 1,5 % dla Dzieci z \u201ePrzyl\u0105dka\u201d szczeg\u00f3\u0142y na tej stronie &gt; 2) przez darowizny na konto wspieraj\u0105cej nas Fundacji &#8222;Lepszy Start&#8221; [\u2026]","og_url":"https:\/\/przyladek.org.pl\/index.php\/mozesz-nam-pomoc\/","og_site_name":"Przyl\u0105dek","article_modified_time":"2025-07-24T08:16:56+00:00","og_image":[{"width":1920,"height":520,"url":"https:\/\/przyladek.org.pl\/wp-content\/uploads\/2018\/03\/Header-za\u0142o\u017cyciele-2.png","type":"image\/png"}],"twitter_card":"summary_large_image","twitter_misc":{"Szacowany czas czytania":"2 minuty"},"schema":{"@context":"https:\/\/schema.org","@graph":[{"@type":"WebPage","@id":"https:\/\/przyladek.org.pl\/index.php\/mozesz-nam-pomoc\/","url":"https:\/\/przyladek.org.pl\/index.php\/mozesz-nam-pomoc\/","name":"Mo\u017cesz nam pom\u00f3c - Przyl\u0105dek","isPartOf":{"@id":"https:\/\/przyladek.org.pl\/#website"},"primaryImageOfPage":{"@id":"https:\/\/przyladek.org.pl\/index.php\/mozesz-nam-pomoc\/#primaryimage"},"image":{"@id":"https:\/\/przyladek.org.pl\/index.php\/mozesz-nam-pomoc\/#primaryimage"},"thumbnailUrl":"https:\/\/przyladek.org.pl\/wp-content\/uploads\/2018\/03\/Header-za\u0142o\u017cyciele-2.png","datePublished":"2017-12-14T00:23:39+00:00","dateModified":"2025-07-24T08:16:56+00:00","breadcrumb":{"@id":"https:\/\/przyladek.org.pl\/index.php\/mozesz-nam-pomoc\/#breadcrumb"},"inLanguage":"pl-PL","potentialAction":[{"@type":"ReadAction","target":["https:\/\/przyladek.org.pl\/index.php\/mozesz-nam-pomoc\/"]}]},{"@type":"ImageObject","inLanguage":"pl-PL","@id":"https:\/\/przyladek.org.pl\/index.php\/mozesz-nam-pomoc\/#primaryimage","url":"https:\/\/przyladek.org.pl\/wp-content\/uploads\/2018\/03\/Header-za\u0142o\u017cyciele-2.png","contentUrl":"https:\/\/przyladek.org.pl\/wp-content\/uploads\/2018\/03\/Header-za\u0142o\u017cyciele-2.png","width":1920,"height":520},{"@type":"BreadcrumbList","@id":"https:\/\/przyladek.org.pl\/index.php\/mozesz-nam-pomoc\/#breadcrumb","itemListElement":[{"@type":"ListItem","position":1,"name":"Strona g\u0142\u00f3wna","item":"https:\/\/przyladek.org.pl\/"},{"@type":"ListItem","position":2,"name":"Mo\u017cesz nam pom\u00f3c"}]},{"@type":"WebSite","@id":"https:\/\/przyladek.org.pl\/#website","url":"https:\/\/przyladek.org.pl\/","name":"Przyl\u0105dek","description":"","potentialAction":[{"@type":"SearchAction","target":{"@type":"EntryPoint","urlTemplate":"https:\/\/przyladek.org.pl\/?s={search_term_string}"},"query-input":{"@type":"PropertyValueSpecification","valueRequired":true,"valueName":"search_term_string"}}],"inLanguage":"pl-PL"}]}},"_links":{"self":[{"href":"https:\/\/przyladek.org.pl\/index.php\/wp-json\/wp\/v2\/pages\/242","targetHints":{"allow":["GET"]}}],"collection":[{"href":"https:\/\/przyladek.org.pl\/index.php\/wp-json\/wp\/v2\/pages"}],"about":[{"href":"https:\/\/przyladek.org.pl\/index.php\/wp-json\/wp\/v2\/types\/page"}],"author":[{"embeddable":true,"href":"https:\/\/przyladek.org.pl\/index.php\/wp-json\/wp\/v2\/users\/7"}],"replies":[{"embeddable":true,"href":"https:\/\/przyladek.org.pl\/index.php\/wp-json\/wp\/v2\/comments?post=242"}],"version-history":[{"count":11,"href":"https:\/\/przyladek.org.pl\/index.php\/wp-json\/wp\/v2\/pages\/242\/revisions"}],"predecessor-version":[{"id":1552,"href":"https:\/\/przyladek.org.pl\/index.php\/wp-json\/wp\/v2\/pages\/242\/revisions\/1552"}],"wp:featuredmedia":[{"embeddable":true,"href":"https:\/\/przyladek.org.pl\/index.php\/wp-json\/wp\/v2\/media\/360"}],"wp:attachment":[{"href":"https:\/\/przyladek.org.pl\/index.php\/wp-json\/wp\/v2\/media?parent=242"}],"curies":[{"name":"wp","href":"https:\/\/api.w.org\/{rel}","templated":true}]}}