{"id":210,"date":"2017-12-12T13:25:08","date_gmt":"2017-12-12T12:25:08","guid":{"rendered":"http:\/\/dev.przyladek.org.pl\/?page_id=210"},"modified":"2018-03-25T12:00:24","modified_gmt":"2018-03-25T10:00:24","slug":"trening-umiejetnosci-spolecznych","status":"publish","type":"page","link":"https:\/\/przyladek.org.pl\/index.php\/oferta\/trening-umiejetnosci-spolecznych\/","title":{"rendered":"Trening umiej\u0119tno\u015bci spo\u0142ecznych"},"content":{"rendered":"","protected":false},"excerpt":{"rendered":"","protected":false},"author":7,"featured_media":360,"parent":11,"menu_order":0,"comment_status":"closed","ping_status":"closed","template":"","meta":{"footnotes":""},"class_list":["post-210","page","type-page","status-publish","has-post-thumbnail","hentry"],"yoast_head":"<!-- This site is optimized with the Yoast SEO plugin v26.1.1 - https:\/\/yoast.com\/wordpress\/plugins\/seo\/ -->\n<title>Trening umiej\u0119tno\u015bci spo\u0142ecznych - Przyl\u0105dek<\/title>\n<meta name=\"robots\" content=\"index, follow, max-snippet:-1, max-image-preview:large, max-video-preview:-1\" \/>\n<link rel=\"canonical\" href=\"https:\/\/przyladek.org.pl\/index.php\/oferta\/trening-umiejetnosci-spolecznych\/\" \/>\n<meta property=\"og:locale\" content=\"pl_PL\" \/>\n<meta property=\"og:type\" content=\"article\" \/>\n<meta property=\"og:title\" content=\"Trening umiej\u0119tno\u015bci spo\u0142ecznych - Przyl\u0105dek\" \/>\n<meta property=\"og:url\" content=\"https:\/\/przyladek.org.pl\/index.php\/oferta\/trening-umiejetnosci-spolecznych\/\" \/>\n<meta property=\"og:site_name\" content=\"Przyl\u0105dek\" \/>\n<meta property=\"article:modified_time\" content=\"2018-03-25T10:00:24+00:00\" \/>\n<meta property=\"og:image\" content=\"https:\/\/przyladek.org.pl\/wp-content\/uploads\/2018\/03\/Header-za\u0142o\u017cyciele-2.png\" \/>\n\t<meta property=\"og:image:width\" content=\"1920\" \/>\n\t<meta property=\"og:image:height\" content=\"520\" \/>\n\t<meta property=\"og:image:type\" content=\"image\/png\" \/>\n<meta name=\"twitter:card\" content=\"summary_large_image\" \/>\n<script type=\"application\/ld+json\" class=\"yoast-schema-graph\">{\"@context\":\"https:\/\/schema.org\",\"@graph\":[{\"@type\":\"WebPage\",\"@id\":\"https:\/\/przyladek.org.pl\/index.php\/oferta\/trening-umiejetnosci-spolecznych\/\",\"url\":\"https:\/\/przyladek.org.pl\/index.php\/oferta\/trening-umiejetnosci-spolecznych\/\",\"name\":\"Trening umiej\u0119tno\u015bci spo\u0142ecznych - Przyl\u0105dek\",\"isPartOf\":{\"@id\":\"https:\/\/przyladek.org.pl\/#website\"},\"primaryImageOfPage\":{\"@id\":\"https:\/\/przyladek.org.pl\/index.php\/oferta\/trening-umiejetnosci-spolecznych\/#primaryimage\"},\"image\":{\"@id\":\"https:\/\/przyladek.org.pl\/index.php\/oferta\/trening-umiejetnosci-spolecznych\/#primaryimage\"},\"thumbnailUrl\":\"https:\/\/przyladek.org.pl\/wp-content\/uploads\/2018\/03\/Header-za\u0142o\u017cyciele-2.png\",\"datePublished\":\"2017-12-12T12:25:08+00:00\",\"dateModified\":\"2018-03-25T10:00:24+00:00\",\"breadcrumb\":{\"@id\":\"https:\/\/przyladek.org.pl\/index.php\/oferta\/trening-umiejetnosci-spolecznych\/#breadcrumb\"},\"inLanguage\":\"pl-PL\",\"potentialAction\":[{\"@type\":\"ReadAction\",\"target\":[\"https:\/\/przyladek.org.pl\/index.php\/oferta\/trening-umiejetnosci-spolecznych\/\"]}]},{\"@type\":\"ImageObject\",\"inLanguage\":\"pl-PL\",\"@id\":\"https:\/\/przyladek.org.pl\/index.php\/oferta\/trening-umiejetnosci-spolecznych\/#primaryimage\",\"url\":\"https:\/\/przyladek.org.pl\/wp-content\/uploads\/2018\/03\/Header-za\u0142o\u017cyciele-2.png\",\"contentUrl\":\"https:\/\/przyladek.org.pl\/wp-content\/uploads\/2018\/03\/Header-za\u0142o\u017cyciele-2.png\",\"width\":1920,\"height\":520},{\"@type\":\"BreadcrumbList\",\"@id\":\"https:\/\/przyladek.org.pl\/index.php\/oferta\/trening-umiejetnosci-spolecznych\/#breadcrumb\",\"itemListElement\":[{\"@type\":\"ListItem\",\"position\":1,\"name\":\"Strona g\u0142\u00f3wna\",\"item\":\"https:\/\/przyladek.org.pl\/\"},{\"@type\":\"ListItem\",\"position\":2,\"name\":\"Oferta naszej szko\u0142y\",\"item\":\"https:\/\/przyladek.org.pl\/index.php\/oferta\/\"},{\"@type\":\"ListItem\",\"position\":3,\"name\":\"Trening umiej\u0119tno\u015bci spo\u0142ecznych\"}]},{\"@type\":\"WebSite\",\"@id\":\"https:\/\/przyladek.org.pl\/#website\",\"url\":\"https:\/\/przyladek.org.pl\/\",\"name\":\"Przyl\u0105dek\",\"description\":\"\",\"potentialAction\":[{\"@type\":\"SearchAction\",\"target\":{\"@type\":\"EntryPoint\",\"urlTemplate\":\"https:\/\/przyladek.org.pl\/?s={search_term_string}\"},\"query-input\":{\"@type\":\"PropertyValueSpecification\",\"valueRequired\":true,\"valueName\":\"search_term_string\"}}],\"inLanguage\":\"pl-PL\"}]}<\/script>\n<!-- \/ Yoast SEO plugin. -->","yoast_head_json":{"title":"Trening umiej\u0119tno\u015bci spo\u0142ecznych - Przyl\u0105dek","robots":{"index":"index","follow":"follow","max-snippet":"max-snippet:-1","max-image-preview":"max-image-preview:large","max-video-preview":"max-video-preview:-1"},"canonical":"https:\/\/przyladek.org.pl\/index.php\/oferta\/trening-umiejetnosci-spolecznych\/","og_locale":"pl_PL","og_type":"article","og_title":"Trening umiej\u0119tno\u015bci spo\u0142ecznych - Przyl\u0105dek","og_url":"https:\/\/przyladek.org.pl\/index.php\/oferta\/trening-umiejetnosci-spolecznych\/","og_site_name":"Przyl\u0105dek","article_modified_time":"2018-03-25T10:00:24+00:00","og_image":[{"width":1920,"height":520,"url":"https:\/\/przyladek.org.pl\/wp-content\/uploads\/2018\/03\/Header-za\u0142o\u017cyciele-2.png","type":"image\/png"}],"twitter_card":"summary_large_image","schema":{"@context":"https:\/\/schema.org","@graph":[{"@type":"WebPage","@id":"https:\/\/przyladek.org.pl\/index.php\/oferta\/trening-umiejetnosci-spolecznych\/","url":"https:\/\/przyladek.org.pl\/index.php\/oferta\/trening-umiejetnosci-spolecznych\/","name":"Trening umiej\u0119tno\u015bci spo\u0142ecznych - Przyl\u0105dek","isPartOf":{"@id":"https:\/\/przyladek.org.pl\/#website"},"primaryImageOfPage":{"@id":"https:\/\/przyladek.org.pl\/index.php\/oferta\/trening-umiejetnosci-spolecznych\/#primaryimage"},"image":{"@id":"https:\/\/przyladek.org.pl\/index.php\/oferta\/trening-umiejetnosci-spolecznych\/#primaryimage"},"thumbnailUrl":"https:\/\/przyladek.org.pl\/wp-content\/uploads\/2018\/03\/Header-za\u0142o\u017cyciele-2.png","datePublished":"2017-12-12T12:25:08+00:00","dateModified":"2018-03-25T10:00:24+00:00","breadcrumb":{"@id":"https:\/\/przyladek.org.pl\/index.php\/oferta\/trening-umiejetnosci-spolecznych\/#breadcrumb"},"inLanguage":"pl-PL","potentialAction":[{"@type":"ReadAction","target":["https:\/\/przyladek.org.pl\/index.php\/oferta\/trening-umiejetnosci-spolecznych\/"]}]},{"@type":"ImageObject","inLanguage":"pl-PL","@id":"https:\/\/przyladek.org.pl\/index.php\/oferta\/trening-umiejetnosci-spolecznych\/#primaryimage","url":"https:\/\/przyladek.org.pl\/wp-content\/uploads\/2018\/03\/Header-za\u0142o\u017cyciele-2.png","contentUrl":"https:\/\/przyladek.org.pl\/wp-content\/uploads\/2018\/03\/Header-za\u0142o\u017cyciele-2.png","width":1920,"height":520},{"@type":"BreadcrumbList","@id":"https:\/\/przyladek.org.pl\/index.php\/oferta\/trening-umiejetnosci-spolecznych\/#breadcrumb","itemListElement":[{"@type":"ListItem","position":1,"name":"Strona g\u0142\u00f3wna","item":"https:\/\/przyladek.org.pl\/"},{"@type":"ListItem","position":2,"name":"Oferta naszej szko\u0142y","item":"https:\/\/przyladek.org.pl\/index.php\/oferta\/"},{"@type":"ListItem","position":3,"name":"Trening umiej\u0119tno\u015bci spo\u0142ecznych"}]},{"@type":"WebSite","@id":"https:\/\/przyladek.org.pl\/#website","url":"https:\/\/przyladek.org.pl\/","name":"Przyl\u0105dek","description":"","potentialAction":[{"@type":"SearchAction","target":{"@type":"EntryPoint","urlTemplate":"https:\/\/przyladek.org.pl\/?s={search_term_string}"},"query-input":{"@type":"PropertyValueSpecification","valueRequired":true,"valueName":"search_term_string"}}],"inLanguage":"pl-PL"}]}},"_links":{"self":[{"href":"https:\/\/przyladek.org.pl\/index.php\/wp-json\/wp\/v2\/pages\/210","targetHints":{"allow":["GET"]}}],"collection":[{"href":"https:\/\/przyladek.org.pl\/index.php\/wp-json\/wp\/v2\/pages"}],"about":[{"href":"https:\/\/przyladek.org.pl\/index.php\/wp-json\/wp\/v2\/types\/page"}],"author":[{"embeddable":true,"href":"https:\/\/przyladek.org.pl\/index.php\/wp-json\/wp\/v2\/users\/7"}],"replies":[{"embeddable":true,"href":"https:\/\/przyladek.org.pl\/index.php\/wp-json\/wp\/v2\/comments?post=210"}],"version-history":[{"count":1,"href":"https:\/\/przyladek.org.pl\/index.php\/wp-json\/wp\/v2\/pages\/210\/revisions"}],"predecessor-version":[{"id":212,"href":"https:\/\/przyladek.org.pl\/index.php\/wp-json\/wp\/v2\/pages\/210\/revisions\/212"}],"up":[{"embeddable":true,"href":"https:\/\/przyladek.org.pl\/index.php\/wp-json\/wp\/v2\/pages\/11"}],"wp:featuredmedia":[{"embeddable":true,"href":"https:\/\/przyladek.org.pl\/index.php\/wp-json\/wp\/v2\/media\/360"}],"wp:attachment":[{"href":"https:\/\/przyladek.org.pl\/index.php\/wp-json\/wp\/v2\/media?parent=210"}],"curies":[{"name":"wp","href":"https:\/\/api.w.org\/{rel}","templated":true}]}}