{"id":143,"date":"2017-12-05T11:55:21","date_gmt":"2017-12-05T10:55:21","guid":{"rendered":"http:\/\/dev.przyladek.org.pl\/?page_id=143"},"modified":"2023-08-04T09:51:19","modified_gmt":"2023-08-04T07:51:19","slug":"zalozyciele","status":"publish","type":"page","link":"https:\/\/przyladek.org.pl\/index.php\/szkola\/zalozyciele\/","title":{"rendered":"Za\u0142o\u017cyciele"},"content":{"rendered":"<div class=\"wpb-content-wrapper\"><p>[vc_row][vc_column][vc_column_text]<img loading=\"lazy\" decoding=\"async\" class=\"size-medium wp-image-1194 aligncenter\" src=\"https:\/\/przyladek.org.pl\/wp-content\/uploads\/2023\/08\/844f40bf-6739-4168-80b6-117888990b0c-800x533.png\" alt=\"\" width=\"800\" height=\"533\" srcset=\"https:\/\/przyladek.org.pl\/wp-content\/uploads\/2023\/08\/844f40bf-6739-4168-80b6-117888990b0c-800x533.png 800w, https:\/\/przyladek.org.pl\/wp-content\/uploads\/2023\/08\/844f40bf-6739-4168-80b6-117888990b0c-600x400c.png 600w, https:\/\/przyladek.org.pl\/wp-content\/uploads\/2023\/08\/844f40bf-6739-4168-80b6-117888990b0c-768x512.png 768w, https:\/\/przyladek.org.pl\/wp-content\/uploads\/2023\/08\/844f40bf-6739-4168-80b6-117888990b0c-1600x1067.png 1600w, https:\/\/przyladek.org.pl\/wp-content\/uploads\/2023\/08\/844f40bf-6739-4168-80b6-117888990b0c-1536x1024.png 1536w, https:\/\/przyladek.org.pl\/wp-content\/uploads\/2023\/08\/844f40bf-6739-4168-80b6-117888990b0c-2048x1365.png 2048w, https:\/\/przyladek.org.pl\/wp-content\/uploads\/2023\/08\/844f40bf-6739-4168-80b6-117888990b0c-219x146.png 219w, https:\/\/przyladek.org.pl\/wp-content\/uploads\/2023\/08\/844f40bf-6739-4168-80b6-117888990b0c-50x33.png 50w, https:\/\/przyladek.org.pl\/wp-content\/uploads\/2023\/08\/844f40bf-6739-4168-80b6-117888990b0c-113x75.png 113w\" sizes=\"auto, (max-width:767px) 600px, (max-width:800px) 100vw, 800px\" \/><\/p>\n<p>&nbsp;<\/p>\n<p>Jeste\u015bmy rodzicami 2 ch\u0142opc\u00f3w: Kacpra (ur. 2001) i Micha\u0142a (ur. 2003). Nasz m\u0142odszy syn ma zdiagnozowany autyzm. Od lat borykamy si\u0119 z problemem wyboru odpowiedniej terapii i bezpiecznych miejsc, w kt\u00f3rych Micha\u0142 m\u00f3g\u0142by si\u0119 efektywnie uczy\u0107, robi\u0107 post\u0119py, korzysta\u0107 z r\u00f3\u017cnych potrzebnych autystom terapii dodatkowych, czu\u0107 si\u0119 rozumiany i akceptowany.<\/p>\n<p>Niestety, jak wielu innych rodzic\u00f3w, wielokrotnie musieli\u015bmy stwierdzi\u0107, \u017ce dost\u0119pne miejsca nie s\u0105 satysfakcjonuj\u0105ce. Jest ich przede wszystkim stanowczo zbyt ma\u0142o. Te, kt\u00f3re istniej\u0105 (szko\u0142y, przedszkola) cechuje zazwyczaj brak specjalist\u00f3w, kt\u00f3rzy s\u0105 na tyle przygotowani do pracy z autystami.\u00a0Ci\u0105gle s\u0142yszymy tak\u017ce narzekanie na brak funduszy.\u00a0Poniewa\u017c nie chcieli\u015bmy oddawa\u0107 syna do &#8222;przechowalni&#8221;, gdzie sp\u0119dza\u0142by bez efekt\u00f3w kilka godzin, postanowili\u015bmy otworzy\u0107 szko\u0142\u0119, w kt\u00f3rej on i inne dzieci mia\u0142yby to, co jest im najbardziej potrzebne: opiek\u0119 otwart\u0105 na ich potrzeby i mo\u017cliwo\u015bci, przygotowanych specjalist\u00f3w, edukacj\u0119 na odpowiednim poziomie, a tak\u017ce terapie dodatkowe (integracja sensoryczna, logopedia). Gdy widzimy u\u015bmiechni\u0119te buzie Micha\u0142a i innych dzieci wiemy, \u017ce to by\u0142a dobra decyzja.[\/vc_column_text][\/vc_column][\/vc_row]<\/p>\n<\/div>","protected":false},"excerpt":{"rendered":"<p>[vc_row][vc_column][vc_column_text] &nbsp; Jeste\u015bmy rodzicami 2 ch\u0142opc\u00f3w: Kacpra (ur. 2001) i Micha\u0142a (ur. 2003). Nasz m\u0142odszy syn ma zdiagnozowany autyzm. Od lat borykamy si\u0119 z problemem wyboru<span class=\"excerpt-hellip\"> [\u2026]<\/span><\/p>\n","protected":false},"author":7,"featured_media":360,"parent":135,"menu_order":0,"comment_status":"closed","ping_status":"closed","template":"","meta":{"footnotes":""},"class_list":["post-143","page","type-page","status-publish","has-post-thumbnail","hentry"],"yoast_head":"<!-- This site is optimized with the Yoast SEO plugin v26.1.1 - https:\/\/yoast.com\/wordpress\/plugins\/seo\/ -->\n<title>Za\u0142o\u017cyciele - Przyl\u0105dek<\/title>\n<meta name=\"robots\" content=\"index, follow, max-snippet:-1, max-image-preview:large, max-video-preview:-1\" \/>\n<link rel=\"canonical\" href=\"https:\/\/przyladek.org.pl\/index.php\/szkola\/zalozyciele\/\" \/>\n<meta property=\"og:locale\" content=\"pl_PL\" \/>\n<meta property=\"og:type\" content=\"article\" \/>\n<meta property=\"og:title\" content=\"Za\u0142o\u017cyciele - Przyl\u0105dek\" \/>\n<meta property=\"og:description\" content=\"[vc_row][vc_column][vc_column_text] &nbsp; Jeste\u015bmy rodzicami 2 ch\u0142opc\u00f3w: Kacpra (ur. 2001) i Micha\u0142a (ur. 2003). Nasz m\u0142odszy syn ma zdiagnozowany autyzm. Od lat borykamy si\u0119 z problemem wyboru [\u2026]\" \/>\n<meta property=\"og:url\" content=\"https:\/\/przyladek.org.pl\/index.php\/szkola\/zalozyciele\/\" \/>\n<meta property=\"og:site_name\" content=\"Przyl\u0105dek\" \/>\n<meta property=\"article:modified_time\" content=\"2023-08-04T07:51:19+00:00\" \/>\n<meta property=\"og:image\" content=\"https:\/\/przyladek.org.pl\/wp-content\/uploads\/2018\/03\/Header-za\u0142o\u017cyciele-2.png\" \/>\n\t<meta property=\"og:image:width\" content=\"1920\" \/>\n\t<meta property=\"og:image:height\" content=\"520\" \/>\n\t<meta property=\"og:image:type\" content=\"image\/png\" \/>\n<meta name=\"twitter:card\" content=\"summary_large_image\" \/>\n<meta name=\"twitter:label1\" content=\"Szacowany czas czytania\" \/>\n\t<meta name=\"twitter:data1\" content=\"1 minuta\" \/>\n<script type=\"application\/ld+json\" class=\"yoast-schema-graph\">{\"@context\":\"https:\/\/schema.org\",\"@graph\":[{\"@type\":\"WebPage\",\"@id\":\"https:\/\/przyladek.org.pl\/index.php\/szkola\/zalozyciele\/\",\"url\":\"https:\/\/przyladek.org.pl\/index.php\/szkola\/zalozyciele\/\",\"name\":\"Za\u0142o\u017cyciele - Przyl\u0105dek\",\"isPartOf\":{\"@id\":\"https:\/\/przyladek.org.pl\/#website\"},\"primaryImageOfPage\":{\"@id\":\"https:\/\/przyladek.org.pl\/index.php\/szkola\/zalozyciele\/#primaryimage\"},\"image\":{\"@id\":\"https:\/\/przyladek.org.pl\/index.php\/szkola\/zalozyciele\/#primaryimage\"},\"thumbnailUrl\":\"https:\/\/przyladek.org.pl\/wp-content\/uploads\/2018\/03\/Header-za\u0142o\u017cyciele-2.png\",\"datePublished\":\"2017-12-05T10:55:21+00:00\",\"dateModified\":\"2023-08-04T07:51:19+00:00\",\"breadcrumb\":{\"@id\":\"https:\/\/przyladek.org.pl\/index.php\/szkola\/zalozyciele\/#breadcrumb\"},\"inLanguage\":\"pl-PL\",\"potentialAction\":[{\"@type\":\"ReadAction\",\"target\":[\"https:\/\/przyladek.org.pl\/index.php\/szkola\/zalozyciele\/\"]}]},{\"@type\":\"ImageObject\",\"inLanguage\":\"pl-PL\",\"@id\":\"https:\/\/przyladek.org.pl\/index.php\/szkola\/zalozyciele\/#primaryimage\",\"url\":\"https:\/\/przyladek.org.pl\/wp-content\/uploads\/2018\/03\/Header-za\u0142o\u017cyciele-2.png\",\"contentUrl\":\"https:\/\/przyladek.org.pl\/wp-content\/uploads\/2018\/03\/Header-za\u0142o\u017cyciele-2.png\",\"width\":1920,\"height\":520},{\"@type\":\"BreadcrumbList\",\"@id\":\"https:\/\/przyladek.org.pl\/index.php\/szkola\/zalozyciele\/#breadcrumb\",\"itemListElement\":[{\"@type\":\"ListItem\",\"position\":1,\"name\":\"Strona g\u0142\u00f3wna\",\"item\":\"https:\/\/przyladek.org.pl\/\"},{\"@type\":\"ListItem\",\"position\":2,\"name\":\"Szko\u0142a\",\"item\":\"https:\/\/przyladek.org.pl\/index.php\/szkola\/\"},{\"@type\":\"ListItem\",\"position\":3,\"name\":\"Za\u0142o\u017cyciele\"}]},{\"@type\":\"WebSite\",\"@id\":\"https:\/\/przyladek.org.pl\/#website\",\"url\":\"https:\/\/przyladek.org.pl\/\",\"name\":\"Przyl\u0105dek\",\"description\":\"\",\"potentialAction\":[{\"@type\":\"SearchAction\",\"target\":{\"@type\":\"EntryPoint\",\"urlTemplate\":\"https:\/\/przyladek.org.pl\/?s={search_term_string}\"},\"query-input\":{\"@type\":\"PropertyValueSpecification\",\"valueRequired\":true,\"valueName\":\"search_term_string\"}}],\"inLanguage\":\"pl-PL\"}]}<\/script>\n<!-- \/ Yoast SEO plugin. -->","yoast_head_json":{"title":"Za\u0142o\u017cyciele - Przyl\u0105dek","robots":{"index":"index","follow":"follow","max-snippet":"max-snippet:-1","max-image-preview":"max-image-preview:large","max-video-preview":"max-video-preview:-1"},"canonical":"https:\/\/przyladek.org.pl\/index.php\/szkola\/zalozyciele\/","og_locale":"pl_PL","og_type":"article","og_title":"Za\u0142o\u017cyciele - Przyl\u0105dek","og_description":"[vc_row][vc_column][vc_column_text] &nbsp; Jeste\u015bmy rodzicami 2 ch\u0142opc\u00f3w: Kacpra (ur. 2001) i Micha\u0142a (ur. 2003). Nasz m\u0142odszy syn ma zdiagnozowany autyzm. Od lat borykamy si\u0119 z problemem wyboru [\u2026]","og_url":"https:\/\/przyladek.org.pl\/index.php\/szkola\/zalozyciele\/","og_site_name":"Przyl\u0105dek","article_modified_time":"2023-08-04T07:51:19+00:00","og_image":[{"width":1920,"height":520,"url":"https:\/\/przyladek.org.pl\/wp-content\/uploads\/2018\/03\/Header-za\u0142o\u017cyciele-2.png","type":"image\/png"}],"twitter_card":"summary_large_image","twitter_misc":{"Szacowany czas czytania":"1 minuta"},"schema":{"@context":"https:\/\/schema.org","@graph":[{"@type":"WebPage","@id":"https:\/\/przyladek.org.pl\/index.php\/szkola\/zalozyciele\/","url":"https:\/\/przyladek.org.pl\/index.php\/szkola\/zalozyciele\/","name":"Za\u0142o\u017cyciele - Przyl\u0105dek","isPartOf":{"@id":"https:\/\/przyladek.org.pl\/#website"},"primaryImageOfPage":{"@id":"https:\/\/przyladek.org.pl\/index.php\/szkola\/zalozyciele\/#primaryimage"},"image":{"@id":"https:\/\/przyladek.org.pl\/index.php\/szkola\/zalozyciele\/#primaryimage"},"thumbnailUrl":"https:\/\/przyladek.org.pl\/wp-content\/uploads\/2018\/03\/Header-za\u0142o\u017cyciele-2.png","datePublished":"2017-12-05T10:55:21+00:00","dateModified":"2023-08-04T07:51:19+00:00","breadcrumb":{"@id":"https:\/\/przyladek.org.pl\/index.php\/szkola\/zalozyciele\/#breadcrumb"},"inLanguage":"pl-PL","potentialAction":[{"@type":"ReadAction","target":["https:\/\/przyladek.org.pl\/index.php\/szkola\/zalozyciele\/"]}]},{"@type":"ImageObject","inLanguage":"pl-PL","@id":"https:\/\/przyladek.org.pl\/index.php\/szkola\/zalozyciele\/#primaryimage","url":"https:\/\/przyladek.org.pl\/wp-content\/uploads\/2018\/03\/Header-za\u0142o\u017cyciele-2.png","contentUrl":"https:\/\/przyladek.org.pl\/wp-content\/uploads\/2018\/03\/Header-za\u0142o\u017cyciele-2.png","width":1920,"height":520},{"@type":"BreadcrumbList","@id":"https:\/\/przyladek.org.pl\/index.php\/szkola\/zalozyciele\/#breadcrumb","itemListElement":[{"@type":"ListItem","position":1,"name":"Strona g\u0142\u00f3wna","item":"https:\/\/przyladek.org.pl\/"},{"@type":"ListItem","position":2,"name":"Szko\u0142a","item":"https:\/\/przyladek.org.pl\/index.php\/szkola\/"},{"@type":"ListItem","position":3,"name":"Za\u0142o\u017cyciele"}]},{"@type":"WebSite","@id":"https:\/\/przyladek.org.pl\/#website","url":"https:\/\/przyladek.org.pl\/","name":"Przyl\u0105dek","description":"","potentialAction":[{"@type":"SearchAction","target":{"@type":"EntryPoint","urlTemplate":"https:\/\/przyladek.org.pl\/?s={search_term_string}"},"query-input":{"@type":"PropertyValueSpecification","valueRequired":true,"valueName":"search_term_string"}}],"inLanguage":"pl-PL"}]}},"_links":{"self":[{"href":"https:\/\/przyladek.org.pl\/index.php\/wp-json\/wp\/v2\/pages\/143","targetHints":{"allow":["GET"]}}],"collection":[{"href":"https:\/\/przyladek.org.pl\/index.php\/wp-json\/wp\/v2\/pages"}],"about":[{"href":"https:\/\/przyladek.org.pl\/index.php\/wp-json\/wp\/v2\/types\/page"}],"author":[{"embeddable":true,"href":"https:\/\/przyladek.org.pl\/index.php\/wp-json\/wp\/v2\/users\/7"}],"replies":[{"embeddable":true,"href":"https:\/\/przyladek.org.pl\/index.php\/wp-json\/wp\/v2\/comments?post=143"}],"version-history":[{"count":11,"href":"https:\/\/przyladek.org.pl\/index.php\/wp-json\/wp\/v2\/pages\/143\/revisions"}],"predecessor-version":[{"id":200,"href":"https:\/\/przyladek.org.pl\/index.php\/wp-json\/wp\/v2\/pages\/143\/revisions\/200"}],"up":[{"embeddable":true,"href":"https:\/\/przyladek.org.pl\/index.php\/wp-json\/wp\/v2\/pages\/135"}],"wp:featuredmedia":[{"embeddable":true,"href":"https:\/\/przyladek.org.pl\/index.php\/wp-json\/wp\/v2\/media\/360"}],"wp:attachment":[{"href":"https:\/\/przyladek.org.pl\/index.php\/wp-json\/wp\/v2\/media?parent=143"}],"curies":[{"name":"wp","href":"https:\/\/api.w.org\/{rel}","templated":true}]}}