{"id":135,"date":"2017-12-05T09:57:17","date_gmt":"2017-12-05T08:57:17","guid":{"rendered":"http:\/\/dev.przyladek.org.pl\/?page_id=135"},"modified":"2024-02-22T13:29:12","modified_gmt":"2024-02-22T12:29:12","slug":"szkola","status":"publish","type":"page","link":"https:\/\/przyladek.org.pl\/index.php\/szkola\/","title":{"rendered":"Szko\u0142a"},"content":{"rendered":"<div class=\"wpb-content-wrapper\"><p>[vc_row][vc_column width=&#8221;2\/3&#8243;][vc_column_text]Nasza szko\u0142a jest specjaln\u0105 plac\u00f3wk\u0105 niepubliczn\u0105 realizuj\u0105c\u0105 program rehabilitacji dla dzieci ze spektrum autyzmu. Atutami naszej szko\u0142y s\u0105 niespotykane w tradycyjnych szko\u0142ach: max. 4 osobowe klasy oraz program zaj\u0119\u0107 \u015bci\u015ble dostosowany do mo\u017cliwo\u015bci ka\u017cdego dziecka.<br \/>\nDzi\u0119ki takiej organizacji pracy ka\u017cde dziecko odnajdzie tutaj oaz\u0119 spokoju i bezpiecze\u0144stwa, a jego rodzice miejsce, w kt\u00f3rym mo\u017cna liczy\u0107 na profesjonaln\u0105 pomoc w przygotowaniu dzieci do samodzielnego \u017cycia.<\/p>\n<p>Dzia\u0142alno\u015b\u0107 naszej szko\u0142y podlega stosownym regulacjom: dzia\u0142amy na podstawie: Ustawy z dnia 14 grudnia 2016 r. Prawo O\u015bwiatowe (Dz. U. Poz 59 z p\u00f3\u017an. zm.)\u00a0oraz na podstawie istniej\u0105cych do niej rozporz\u0105dze\u0144 wykonawczych. Ponadto, merytoryczny nadz\u00f3r nad realizowanym w szkole programem dydaktycznym i wychowawczym sprawuje Kuratorium O\u015bwiaty w Warszawie.<\/p>\n<p>Kluczowe osoby w Szkole:<\/p>\n<p><strong>Joanna Wodarska-Likowska<\/strong>\u00a0\u2013 Dyrektor Szko\u0142y<\/p>\n<p><strong>\u0141ukasz \u0141a\u0144<\/strong> \u2013 Prezes Fundacji Lepszy Start[\/vc_column_text][\/vc_column][vc_column width=&#8221;1\/3&#8243;][vc_single_image image=&#8221;136&#8243; img_size=&#8221;full&#8221;][\/vc_column][\/vc_row]<\/p>\n<\/div>","protected":false},"excerpt":{"rendered":"<p>[vc_row][vc_column width=&#8221;2\/3&#8243;][vc_column_text]Nasza szko\u0142a jest specjaln\u0105 plac\u00f3wk\u0105 niepubliczn\u0105 realizuj\u0105c\u0105 program rehabilitacji dla dzieci ze spektrum autyzmu. Atutami naszej szko\u0142y s\u0105 niespotykane w tradycyjnych szko\u0142ach: max. 4 osobowe<span class=\"excerpt-hellip\"> [\u2026]<\/span><\/p>\n","protected":false},"author":7,"featured_media":360,"parent":0,"menu_order":0,"comment_status":"closed","ping_status":"closed","template":"","meta":{"footnotes":""},"class_list":["post-135","page","type-page","status-publish","has-post-thumbnail","hentry"],"yoast_head":"<!-- This site is optimized with the Yoast SEO plugin v26.1.1 - https:\/\/yoast.com\/wordpress\/plugins\/seo\/ -->\n<title>Szko\u0142a - Przyl\u0105dek<\/title>\n<meta name=\"robots\" content=\"index, follow, max-snippet:-1, max-image-preview:large, max-video-preview:-1\" \/>\n<link rel=\"canonical\" href=\"https:\/\/przyladek.org.pl\/index.php\/szkola\/\" \/>\n<meta property=\"og:locale\" content=\"pl_PL\" \/>\n<meta property=\"og:type\" content=\"article\" \/>\n<meta property=\"og:title\" content=\"Szko\u0142a - Przyl\u0105dek\" \/>\n<meta property=\"og:description\" content=\"[vc_row][vc_column width=&#8221;2\/3&#8243;][vc_column_text]Nasza szko\u0142a jest specjaln\u0105 plac\u00f3wk\u0105 niepubliczn\u0105 realizuj\u0105c\u0105 program rehabilitacji dla dzieci ze spektrum autyzmu. Atutami naszej szko\u0142y s\u0105 niespotykane w tradycyjnych szko\u0142ach: max. 4 osobowe [\u2026]\" \/>\n<meta property=\"og:url\" content=\"https:\/\/przyladek.org.pl\/index.php\/szkola\/\" \/>\n<meta property=\"og:site_name\" content=\"Przyl\u0105dek\" \/>\n<meta property=\"article:modified_time\" content=\"2024-02-22T12:29:12+00:00\" \/>\n<meta property=\"og:image\" content=\"https:\/\/przyladek.org.pl\/wp-content\/uploads\/2018\/03\/Header-za\u0142o\u017cyciele-2.png\" \/>\n\t<meta property=\"og:image:width\" content=\"1920\" \/>\n\t<meta property=\"og:image:height\" content=\"520\" \/>\n\t<meta property=\"og:image:type\" content=\"image\/png\" \/>\n<meta name=\"twitter:card\" content=\"summary_large_image\" \/>\n<meta name=\"twitter:label1\" content=\"Szacowany czas czytania\" \/>\n\t<meta name=\"twitter:data1\" content=\"1 minuta\" \/>\n<script type=\"application\/ld+json\" class=\"yoast-schema-graph\">{\"@context\":\"https:\/\/schema.org\",\"@graph\":[{\"@type\":\"WebPage\",\"@id\":\"https:\/\/przyladek.org.pl\/index.php\/szkola\/\",\"url\":\"https:\/\/przyladek.org.pl\/index.php\/szkola\/\",\"name\":\"Szko\u0142a - Przyl\u0105dek\",\"isPartOf\":{\"@id\":\"https:\/\/przyladek.org.pl\/#website\"},\"primaryImageOfPage\":{\"@id\":\"https:\/\/przyladek.org.pl\/index.php\/szkola\/#primaryimage\"},\"image\":{\"@id\":\"https:\/\/przyladek.org.pl\/index.php\/szkola\/#primaryimage\"},\"thumbnailUrl\":\"https:\/\/przyladek.org.pl\/wp-content\/uploads\/2018\/03\/Header-za\u0142o\u017cyciele-2.png\",\"datePublished\":\"2017-12-05T08:57:17+00:00\",\"dateModified\":\"2024-02-22T12:29:12+00:00\",\"breadcrumb\":{\"@id\":\"https:\/\/przyladek.org.pl\/index.php\/szkola\/#breadcrumb\"},\"inLanguage\":\"pl-PL\",\"potentialAction\":[{\"@type\":\"ReadAction\",\"target\":[\"https:\/\/przyladek.org.pl\/index.php\/szkola\/\"]}]},{\"@type\":\"ImageObject\",\"inLanguage\":\"pl-PL\",\"@id\":\"https:\/\/przyladek.org.pl\/index.php\/szkola\/#primaryimage\",\"url\":\"https:\/\/przyladek.org.pl\/wp-content\/uploads\/2018\/03\/Header-za\u0142o\u017cyciele-2.png\",\"contentUrl\":\"https:\/\/przyladek.org.pl\/wp-content\/uploads\/2018\/03\/Header-za\u0142o\u017cyciele-2.png\",\"width\":1920,\"height\":520},{\"@type\":\"BreadcrumbList\",\"@id\":\"https:\/\/przyladek.org.pl\/index.php\/szkola\/#breadcrumb\",\"itemListElement\":[{\"@type\":\"ListItem\",\"position\":1,\"name\":\"Strona g\u0142\u00f3wna\",\"item\":\"https:\/\/przyladek.org.pl\/\"},{\"@type\":\"ListItem\",\"position\":2,\"name\":\"Szko\u0142a\"}]},{\"@type\":\"WebSite\",\"@id\":\"https:\/\/przyladek.org.pl\/#website\",\"url\":\"https:\/\/przyladek.org.pl\/\",\"name\":\"Przyl\u0105dek\",\"description\":\"\",\"potentialAction\":[{\"@type\":\"SearchAction\",\"target\":{\"@type\":\"EntryPoint\",\"urlTemplate\":\"https:\/\/przyladek.org.pl\/?s={search_term_string}\"},\"query-input\":{\"@type\":\"PropertyValueSpecification\",\"valueRequired\":true,\"valueName\":\"search_term_string\"}}],\"inLanguage\":\"pl-PL\"}]}<\/script>\n<!-- \/ Yoast SEO plugin. -->","yoast_head_json":{"title":"Szko\u0142a - Przyl\u0105dek","robots":{"index":"index","follow":"follow","max-snippet":"max-snippet:-1","max-image-preview":"max-image-preview:large","max-video-preview":"max-video-preview:-1"},"canonical":"https:\/\/przyladek.org.pl\/index.php\/szkola\/","og_locale":"pl_PL","og_type":"article","og_title":"Szko\u0142a - Przyl\u0105dek","og_description":"[vc_row][vc_column width=&#8221;2\/3&#8243;][vc_column_text]Nasza szko\u0142a jest specjaln\u0105 plac\u00f3wk\u0105 niepubliczn\u0105 realizuj\u0105c\u0105 program rehabilitacji dla dzieci ze spektrum autyzmu. Atutami naszej szko\u0142y s\u0105 niespotykane w tradycyjnych szko\u0142ach: max. 4 osobowe [\u2026]","og_url":"https:\/\/przyladek.org.pl\/index.php\/szkola\/","og_site_name":"Przyl\u0105dek","article_modified_time":"2024-02-22T12:29:12+00:00","og_image":[{"width":1920,"height":520,"url":"https:\/\/przyladek.org.pl\/wp-content\/uploads\/2018\/03\/Header-za\u0142o\u017cyciele-2.png","type":"image\/png"}],"twitter_card":"summary_large_image","twitter_misc":{"Szacowany czas czytania":"1 minuta"},"schema":{"@context":"https:\/\/schema.org","@graph":[{"@type":"WebPage","@id":"https:\/\/przyladek.org.pl\/index.php\/szkola\/","url":"https:\/\/przyladek.org.pl\/index.php\/szkola\/","name":"Szko\u0142a - Przyl\u0105dek","isPartOf":{"@id":"https:\/\/przyladek.org.pl\/#website"},"primaryImageOfPage":{"@id":"https:\/\/przyladek.org.pl\/index.php\/szkola\/#primaryimage"},"image":{"@id":"https:\/\/przyladek.org.pl\/index.php\/szkola\/#primaryimage"},"thumbnailUrl":"https:\/\/przyladek.org.pl\/wp-content\/uploads\/2018\/03\/Header-za\u0142o\u017cyciele-2.png","datePublished":"2017-12-05T08:57:17+00:00","dateModified":"2024-02-22T12:29:12+00:00","breadcrumb":{"@id":"https:\/\/przyladek.org.pl\/index.php\/szkola\/#breadcrumb"},"inLanguage":"pl-PL","potentialAction":[{"@type":"ReadAction","target":["https:\/\/przyladek.org.pl\/index.php\/szkola\/"]}]},{"@type":"ImageObject","inLanguage":"pl-PL","@id":"https:\/\/przyladek.org.pl\/index.php\/szkola\/#primaryimage","url":"https:\/\/przyladek.org.pl\/wp-content\/uploads\/2018\/03\/Header-za\u0142o\u017cyciele-2.png","contentUrl":"https:\/\/przyladek.org.pl\/wp-content\/uploads\/2018\/03\/Header-za\u0142o\u017cyciele-2.png","width":1920,"height":520},{"@type":"BreadcrumbList","@id":"https:\/\/przyladek.org.pl\/index.php\/szkola\/#breadcrumb","itemListElement":[{"@type":"ListItem","position":1,"name":"Strona g\u0142\u00f3wna","item":"https:\/\/przyladek.org.pl\/"},{"@type":"ListItem","position":2,"name":"Szko\u0142a"}]},{"@type":"WebSite","@id":"https:\/\/przyladek.org.pl\/#website","url":"https:\/\/przyladek.org.pl\/","name":"Przyl\u0105dek","description":"","potentialAction":[{"@type":"SearchAction","target":{"@type":"EntryPoint","urlTemplate":"https:\/\/przyladek.org.pl\/?s={search_term_string}"},"query-input":{"@type":"PropertyValueSpecification","valueRequired":true,"valueName":"search_term_string"}}],"inLanguage":"pl-PL"}]}},"_links":{"self":[{"href":"https:\/\/przyladek.org.pl\/index.php\/wp-json\/wp\/v2\/pages\/135","targetHints":{"allow":["GET"]}}],"collection":[{"href":"https:\/\/przyladek.org.pl\/index.php\/wp-json\/wp\/v2\/pages"}],"about":[{"href":"https:\/\/przyladek.org.pl\/index.php\/wp-json\/wp\/v2\/types\/page"}],"author":[{"embeddable":true,"href":"https:\/\/przyladek.org.pl\/index.php\/wp-json\/wp\/v2\/users\/7"}],"replies":[{"embeddable":true,"href":"https:\/\/przyladek.org.pl\/index.php\/wp-json\/wp\/v2\/comments?post=135"}],"version-history":[{"count":12,"href":"https:\/\/przyladek.org.pl\/index.php\/wp-json\/wp\/v2\/pages\/135\/revisions"}],"predecessor-version":[{"id":1305,"href":"https:\/\/przyladek.org.pl\/index.php\/wp-json\/wp\/v2\/pages\/135\/revisions\/1305"}],"wp:featuredmedia":[{"embeddable":true,"href":"https:\/\/przyladek.org.pl\/index.php\/wp-json\/wp\/v2\/media\/360"}],"wp:attachment":[{"href":"https:\/\/przyladek.org.pl\/index.php\/wp-json\/wp\/v2\/media?parent=135"}],"curies":[{"name":"wp","href":"https:\/\/api.w.org\/{rel}","templated":true}]}}