{"id":1190,"date":"2023-08-04T09:36:16","date_gmt":"2023-08-04T07:36:16","guid":{"rendered":"https:\/\/przyladek.org.pl\/?page_id=1190"},"modified":"2023-08-04T10:00:31","modified_gmt":"2023-08-04T08:00:31","slug":"serwis-fanimani","status":"publish","type":"page","link":"https:\/\/przyladek.org.pl\/index.php\/serwis-fanimani\/","title":{"rendered":"Serwis FaniMani"},"content":{"rendered":"\n<p>Fundacja \u201eLepszy Start\u201d przyst\u0105pi\u0142a do serwisu Fundacji FaniMani.<br>Jest to pierwszy w Polsce serwis wspieraj\u0105cy organizacje spo\u0142eczne, wykorzystuj\u0105c do tego zakupy online.<br>Teraz, robi\u0105c codzienne zakupy w ulubionych sklepach internetowych przez serwis FaniMani, mo\u017cna przy okazji, bez dodatkowych koszt\u00f3w, wspiera\u0107 wybran\u0105 organizacj\u0119 pozarz\u0105dow\u0105.<\/p>\n\n\n\n<p><strong><a href=\"http:\/\/youtu.be\/RsPX6SRwKnQ\" target=\"_blank\" rel=\"noreferrer noopener\">Zobacz film i dowiedz si\u0119 jak to dzia\u0142a &gt;<\/a><\/strong><\/p>\n\n\n\n<p>Wystarczy, \u017ce podczas zakup\u00f3w wybior\u0105 Pa\u0144stwo Fundacj\u0119 \u201eLepszy Start\u201d z listy organizacji, a okre\u015blony procent od warto\u015bci transakcji zostanie przekazany w formie darowizny na konto Fundacji. Nale\u017cy pami\u0119ta\u0107, \u017ceby zawsze do sklepu wchodzi\u0107 poprzez&nbsp;link, kt\u00f3ry pokieruje Pa\u0144stwa bezpo\u015brednio na stron\u0119 Fundacji \u201eLepszy Start\u201d w serwisie:&nbsp;<strong><a href=\"https:\/\/fanimani.pl\/zbieramy\/fundacja-lepszy-start\/\" target=\"_blank\" rel=\"noreferrer noopener\">https:\/\/fanimani.pl\/zbieramy\/fundacja-lepszy-start\/<\/a><\/strong><\/p>\n\n\n\n<p>Zach\u0119camy do przekazania powy\u017cszego linku wszystkim, kt\u00f3rzy mog\u0105 zechcie\u0107 wspiera\u0107 nas podczas robienia swoich zwyk\u0142ych zakup\u00f3w online.&nbsp;Mo\u017cna to zrobi\u0107 na kilka sposob\u00f3w:<\/p>\n\n\n\n<ul class=\"wp-block-list\"><li>Rozes\u0142a\u0107 maila do swoich znajomych i przyjaci\u00f3\u0142 zapraszaj\u0105c ich do wsparcia naszej inicjatywy<\/li><li>Napisa\u0107 o mo\u017cliwo\u015bci wspierania na swoim Facebooku, mo\u017cna te\u017c utworzy\u0107 wydarzenia Facebook-owe i zaprosi\u0107 znajomych<\/li><li>Udost\u0119pni\u0107 powy\u017cszy link na waszej stronie internetowej.<\/li><\/ul>\n\n\n\n<p>Zach\u0119camy r\u00f3wnie\u017c do pobrania:<\/p>\n\n\n\n<ul class=\"wp-block-list\"><li><strong><a href=\"https:\/\/przyladek.org.pl\/wp-content\/uploads\/2018\/01\/FaniMani_ulotka_ogolna.pdf\" target=\"_blank\" rel=\"noreferrer noopener\">Ulotki og\u00f3lnej (PDF)<\/a>&nbsp;<\/strong>zawieraj\u0105cej informacje o tym, jak dzia\u0142a FaniMani i jakie daje mo\u017cliwo\u015bci.<\/li><li><strong><a href=\"https:\/\/przyladek.org.pl\/wp-content\/uploads\/2018\/01\/FaniMani_dla_Wspierajacych.pdf\" target=\"_blank\" rel=\"noreferrer noopener\">Ulotki skierowanej do wspieraj\u0105cych (PDF)<\/a><\/strong>, w kt\u00f3rej w prosty i przejrzysty spos\u00f3b t\u0142umaczymy, jak robi\u0107 zakupy online i jednocze\u015bnie pomaga\u0107.<\/li><\/ul>\n","protected":false},"excerpt":{"rendered":"<p>Fundacja \u201eLepszy Start\u201d przyst\u0105pi\u0142a do serwisu Fundacji FaniMani.Jest to pierwszy w Polsce serwis wspieraj\u0105cy organizacje spo\u0142eczne, wykorzystuj\u0105c do tego zakupy online.Teraz, robi\u0105c codzienne zakupy w ulubionych<span class=\"excerpt-hellip\"> [\u2026]<\/span><\/p>\n","protected":false},"author":7,"featured_media":0,"parent":0,"menu_order":0,"comment_status":"closed","ping_status":"closed","template":"","meta":{"footnotes":""},"class_list":["post-1190","page","type-page","status-publish","hentry"],"yoast_head":"<!-- This site is optimized with the Yoast SEO plugin v26.1.1 - https:\/\/yoast.com\/wordpress\/plugins\/seo\/ -->\n<title>Serwis FaniMani - Przyl\u0105dek<\/title>\n<meta name=\"robots\" content=\"index, follow, max-snippet:-1, max-image-preview:large, max-video-preview:-1\" \/>\n<link rel=\"canonical\" href=\"https:\/\/przyladek.org.pl\/index.php\/serwis-fanimani\/\" \/>\n<meta property=\"og:locale\" content=\"pl_PL\" \/>\n<meta property=\"og:type\" content=\"article\" \/>\n<meta property=\"og:title\" content=\"Serwis FaniMani - Przyl\u0105dek\" \/>\n<meta property=\"og:description\" content=\"Fundacja \u201eLepszy Start\u201d przyst\u0105pi\u0142a do serwisu Fundacji FaniMani.Jest to pierwszy w Polsce serwis wspieraj\u0105cy organizacje spo\u0142eczne, wykorzystuj\u0105c do tego zakupy online.Teraz, robi\u0105c codzienne zakupy w ulubionych [\u2026]\" \/>\n<meta property=\"og:url\" content=\"https:\/\/przyladek.org.pl\/index.php\/serwis-fanimani\/\" \/>\n<meta property=\"og:site_name\" content=\"Przyl\u0105dek\" \/>\n<meta property=\"article:modified_time\" content=\"2023-08-04T08:00:31+00:00\" \/>\n<meta name=\"twitter:card\" content=\"summary_large_image\" \/>\n<meta name=\"twitter:label1\" content=\"Szacowany czas czytania\" \/>\n\t<meta name=\"twitter:data1\" content=\"1 minuta\" \/>\n<script type=\"application\/ld+json\" class=\"yoast-schema-graph\">{\"@context\":\"https:\/\/schema.org\",\"@graph\":[{\"@type\":\"WebPage\",\"@id\":\"https:\/\/przyladek.org.pl\/index.php\/serwis-fanimani\/\",\"url\":\"https:\/\/przyladek.org.pl\/index.php\/serwis-fanimani\/\",\"name\":\"Serwis FaniMani - Przyl\u0105dek\",\"isPartOf\":{\"@id\":\"https:\/\/przyladek.org.pl\/#website\"},\"datePublished\":\"2023-08-04T07:36:16+00:00\",\"dateModified\":\"2023-08-04T08:00:31+00:00\",\"breadcrumb\":{\"@id\":\"https:\/\/przyladek.org.pl\/index.php\/serwis-fanimani\/#breadcrumb\"},\"inLanguage\":\"pl-PL\",\"potentialAction\":[{\"@type\":\"ReadAction\",\"target\":[\"https:\/\/przyladek.org.pl\/index.php\/serwis-fanimani\/\"]}]},{\"@type\":\"BreadcrumbList\",\"@id\":\"https:\/\/przyladek.org.pl\/index.php\/serwis-fanimani\/#breadcrumb\",\"itemListElement\":[{\"@type\":\"ListItem\",\"position\":1,\"name\":\"Strona g\u0142\u00f3wna\",\"item\":\"https:\/\/przyladek.org.pl\/\"},{\"@type\":\"ListItem\",\"position\":2,\"name\":\"Serwis FaniMani\"}]},{\"@type\":\"WebSite\",\"@id\":\"https:\/\/przyladek.org.pl\/#website\",\"url\":\"https:\/\/przyladek.org.pl\/\",\"name\":\"Przyl\u0105dek\",\"description\":\"\",\"potentialAction\":[{\"@type\":\"SearchAction\",\"target\":{\"@type\":\"EntryPoint\",\"urlTemplate\":\"https:\/\/przyladek.org.pl\/?s={search_term_string}\"},\"query-input\":{\"@type\":\"PropertyValueSpecification\",\"valueRequired\":true,\"valueName\":\"search_term_string\"}}],\"inLanguage\":\"pl-PL\"}]}<\/script>\n<!-- \/ Yoast SEO plugin. -->","yoast_head_json":{"title":"Serwis FaniMani - Przyl\u0105dek","robots":{"index":"index","follow":"follow","max-snippet":"max-snippet:-1","max-image-preview":"max-image-preview:large","max-video-preview":"max-video-preview:-1"},"canonical":"https:\/\/przyladek.org.pl\/index.php\/serwis-fanimani\/","og_locale":"pl_PL","og_type":"article","og_title":"Serwis FaniMani - Przyl\u0105dek","og_description":"Fundacja \u201eLepszy Start\u201d przyst\u0105pi\u0142a do serwisu Fundacji FaniMani.Jest to pierwszy w Polsce serwis wspieraj\u0105cy organizacje spo\u0142eczne, wykorzystuj\u0105c do tego zakupy online.Teraz, robi\u0105c codzienne zakupy w ulubionych [\u2026]","og_url":"https:\/\/przyladek.org.pl\/index.php\/serwis-fanimani\/","og_site_name":"Przyl\u0105dek","article_modified_time":"2023-08-04T08:00:31+00:00","twitter_card":"summary_large_image","twitter_misc":{"Szacowany czas czytania":"1 minuta"},"schema":{"@context":"https:\/\/schema.org","@graph":[{"@type":"WebPage","@id":"https:\/\/przyladek.org.pl\/index.php\/serwis-fanimani\/","url":"https:\/\/przyladek.org.pl\/index.php\/serwis-fanimani\/","name":"Serwis FaniMani - Przyl\u0105dek","isPartOf":{"@id":"https:\/\/przyladek.org.pl\/#website"},"datePublished":"2023-08-04T07:36:16+00:00","dateModified":"2023-08-04T08:00:31+00:00","breadcrumb":{"@id":"https:\/\/przyladek.org.pl\/index.php\/serwis-fanimani\/#breadcrumb"},"inLanguage":"pl-PL","potentialAction":[{"@type":"ReadAction","target":["https:\/\/przyladek.org.pl\/index.php\/serwis-fanimani\/"]}]},{"@type":"BreadcrumbList","@id":"https:\/\/przyladek.org.pl\/index.php\/serwis-fanimani\/#breadcrumb","itemListElement":[{"@type":"ListItem","position":1,"name":"Strona g\u0142\u00f3wna","item":"https:\/\/przyladek.org.pl\/"},{"@type":"ListItem","position":2,"name":"Serwis FaniMani"}]},{"@type":"WebSite","@id":"https:\/\/przyladek.org.pl\/#website","url":"https:\/\/przyladek.org.pl\/","name":"Przyl\u0105dek","description":"","potentialAction":[{"@type":"SearchAction","target":{"@type":"EntryPoint","urlTemplate":"https:\/\/przyladek.org.pl\/?s={search_term_string}"},"query-input":{"@type":"PropertyValueSpecification","valueRequired":true,"valueName":"search_term_string"}}],"inLanguage":"pl-PL"}]}},"_links":{"self":[{"href":"https:\/\/przyladek.org.pl\/index.php\/wp-json\/wp\/v2\/pages\/1190","targetHints":{"allow":["GET"]}}],"collection":[{"href":"https:\/\/przyladek.org.pl\/index.php\/wp-json\/wp\/v2\/pages"}],"about":[{"href":"https:\/\/przyladek.org.pl\/index.php\/wp-json\/wp\/v2\/types\/page"}],"author":[{"embeddable":true,"href":"https:\/\/przyladek.org.pl\/index.php\/wp-json\/wp\/v2\/users\/7"}],"replies":[{"embeddable":true,"href":"https:\/\/przyladek.org.pl\/index.php\/wp-json\/wp\/v2\/comments?post=1190"}],"version-history":[{"count":2,"href":"https:\/\/przyladek.org.pl\/index.php\/wp-json\/wp\/v2\/pages\/1190\/revisions"}],"predecessor-version":[{"id":1205,"href":"https:\/\/przyladek.org.pl\/index.php\/wp-json\/wp\/v2\/pages\/1190\/revisions\/1205"}],"wp:attachment":[{"href":"https:\/\/przyladek.org.pl\/index.php\/wp-json\/wp\/v2\/media?parent=1190"}],"curies":[{"name":"wp","href":"https:\/\/api.w.org\/{rel}","templated":true}]}}